{"id":974,"date":"2023-11-16T21:54:41","date_gmt":"2023-11-16T20:54:41","guid":{"rendered":"https:\/\/marcellevagba.com\/?page_id=974"},"modified":"2023-12-05T12:15:20","modified_gmt":"2023-12-05T11:15:20","slug":"blog","status":"publish","type":"page","link":"https:\/\/marcellevagba.com\/index.php\/blog\/","title":{"rendered":"Blog"},"content":{"rendered":"\t\t<div data-elementor-type=\"wp-page\" data-elementor-id=\"974\" class=\"elementor elementor-974\" data-elementor-post-type=\"page\">\n\t\t\t\t\t\t\t\t\t<section class=\"elementor-section elementor-top-section elementor-element elementor-element-c870696 elementor-section-full_width elementor-section-height-default elementor-section-height-default\" data-id=\"c870696\" data-element_type=\"section\">\n\t\t\t\t\t\t<div class=\"elementor-container elementor-column-gap-default\">\n\t\t\t\t\t<div class=\"elementor-column elementor-col-100 elementor-top-column elementor-element elementor-element-936d673\" data-id=\"936d673\" data-element_type=\"column\" data-settings=\"{&quot;motion_fx_motion_fx_scrolling&quot;:&quot;yes&quot;,&quot;motion_fx_translateX_effect&quot;:&quot;yes&quot;,&quot;motion_fx_translateX_speed&quot;:{&quot;unit&quot;:&quot;px&quot;,&quot;size&quot;:&quot;1&quot;,&quot;sizes&quot;:[]},&quot;motion_fx_translateX_affectedRange&quot;:{&quot;unit&quot;:&quot;%&quot;,&quot;size&quot;:&quot;&quot;,&quot;sizes&quot;:{&quot;start&quot;:&quot;0&quot;,&quot;end&quot;:&quot;50&quot;}},&quot;motion_fx_devices&quot;:[&quot;desktop&quot;]}\">\n\t\t\t<div class=\"elementor-widget-wrap elementor-element-populated\">\n\t\t\t\t\t\t\t\t<div class=\"elementor-element elementor-element-c0e63f3 elementor-widget-divider--view-line_text elementor-widget-divider--element-align-left elementor-widget elementor-widget-divider\" data-id=\"c0e63f3\" data-element_type=\"widget\" data-widget_type=\"divider.default\">\n\t\t\t\t<div class=\"elementor-widget-container\">\n\t\t\t<style>\/*! elementor - v3.17.0 - 08-11-2023 *\/\n.elementor-widget-divider{--divider-border-style:none;--divider-border-width:1px;--divider-color:#0c0d0e;--divider-icon-size:20px;--divider-element-spacing:10px;--divider-pattern-height:24px;--divider-pattern-size:20px;--divider-pattern-url:none;--divider-pattern-repeat:repeat-x}.elementor-widget-divider .elementor-divider{display:flex}.elementor-widget-divider .elementor-divider__text{font-size:15px;line-height:1;max-width:95%}.elementor-widget-divider .elementor-divider__element{margin:0 var(--divider-element-spacing);flex-shrink:0}.elementor-widget-divider .elementor-icon{font-size:var(--divider-icon-size)}.elementor-widget-divider .elementor-divider-separator{display:flex;margin:0;direction:ltr}.elementor-widget-divider--view-line_icon .elementor-divider-separator,.elementor-widget-divider--view-line_text .elementor-divider-separator{align-items:center}.elementor-widget-divider--view-line_icon .elementor-divider-separator:after,.elementor-widget-divider--view-line_icon .elementor-divider-separator:before,.elementor-widget-divider--view-line_text .elementor-divider-separator:after,.elementor-widget-divider--view-line_text .elementor-divider-separator:before{display:block;content:\"\";border-bottom:0;flex-grow:1;border-top:var(--divider-border-width) var(--divider-border-style) var(--divider-color)}.elementor-widget-divider--element-align-left .elementor-divider .elementor-divider-separator>.elementor-divider__svg:first-of-type{flex-grow:0;flex-shrink:100}.elementor-widget-divider--element-align-left .elementor-divider-separator:before{content:none}.elementor-widget-divider--element-align-left .elementor-divider__element{margin-left:0}.elementor-widget-divider--element-align-right .elementor-divider .elementor-divider-separator>.elementor-divider__svg:last-of-type{flex-grow:0;flex-shrink:100}.elementor-widget-divider--element-align-right .elementor-divider-separator:after{content:none}.elementor-widget-divider--element-align-right .elementor-divider__element{margin-right:0}.elementor-widget-divider:not(.elementor-widget-divider--view-line_text):not(.elementor-widget-divider--view-line_icon) .elementor-divider-separator{border-top:var(--divider-border-width) var(--divider-border-style) var(--divider-color)}.elementor-widget-divider--separator-type-pattern{--divider-border-style:none}.elementor-widget-divider--separator-type-pattern.elementor-widget-divider--view-line .elementor-divider-separator,.elementor-widget-divider--separator-type-pattern:not(.elementor-widget-divider--view-line) .elementor-divider-separator:after,.elementor-widget-divider--separator-type-pattern:not(.elementor-widget-divider--view-line) .elementor-divider-separator:before,.elementor-widget-divider--separator-type-pattern:not([class*=elementor-widget-divider--view]) .elementor-divider-separator{width:100%;min-height:var(--divider-pattern-height);-webkit-mask-size:var(--divider-pattern-size) 100%;mask-size:var(--divider-pattern-size) 100%;-webkit-mask-repeat:var(--divider-pattern-repeat);mask-repeat:var(--divider-pattern-repeat);background-color:var(--divider-color);-webkit-mask-image:var(--divider-pattern-url);mask-image:var(--divider-pattern-url)}.elementor-widget-divider--no-spacing{--divider-pattern-size:auto}.elementor-widget-divider--bg-round{--divider-pattern-repeat:round}.rtl .elementor-widget-divider .elementor-divider__text{direction:rtl}.e-con-inner>.elementor-widget-divider,.e-con>.elementor-widget-divider{width:var(--container-widget-width,100%);--flex-grow:var(--container-widget-flex-grow)}<\/style>\t\t<div class=\"elementor-divider\">\n\t\t\t<span class=\"elementor-divider-separator\">\n\t\t\t\t\t\t\t<span class=\"elementor-divider__text elementor-divider__element\">\n\t\t\t\t<b>Blog<\/b>\t\t\t\t<\/span>\n\t\t\t\t\t\t<\/span>\n\t\t<\/div>\n\t\t\t\t<\/div>\n\t\t\t\t<\/div>\n\t\t\t\t\t<\/div>\n\t\t<\/div>\n\t\t\t\t\t\t\t<\/div>\n\t\t<\/section>\n\t\t\t\t<section class=\"elementor-section elementor-top-section elementor-element elementor-element-66f3ea1 elementor-section-boxed elementor-section-height-default elementor-section-height-default\" data-id=\"66f3ea1\" data-element_type=\"section\">\n\t\t\t\t\t\t<div class=\"elementor-container elementor-column-gap-default\">\n\t\t\t\t\t<div class=\"elementor-column elementor-col-100 elementor-top-column elementor-element elementor-element-08b82d5\" data-id=\"08b82d5\" data-element_type=\"column\">\n\t\t\t<div class=\"elementor-widget-wrap elementor-element-populated\">\n\t\t\t\t\t\t\t\t<div class=\"elementor-element elementor-element-f51e471 elementor-grid-3 elementor-grid-tablet-2 elementor-grid-mobile-1 elementor-posts--thumbnail-top elementor-widget elementor-widget-posts\" data-id=\"f51e471\" data-element_type=\"widget\" data-settings=\"{&quot;classic_columns&quot;:&quot;3&quot;,&quot;classic_columns_tablet&quot;:&quot;2&quot;,&quot;classic_columns_mobile&quot;:&quot;1&quot;,&quot;classic_row_gap&quot;:{&quot;unit&quot;:&quot;px&quot;,&quot;size&quot;:35,&quot;sizes&quot;:[]},&quot;classic_row_gap_tablet&quot;:{&quot;unit&quot;:&quot;px&quot;,&quot;size&quot;:&quot;&quot;,&quot;sizes&quot;:[]},&quot;classic_row_gap_mobile&quot;:{&quot;unit&quot;:&quot;px&quot;,&quot;size&quot;:&quot;&quot;,&quot;sizes&quot;:[]}}\" data-widget_type=\"posts.classic\">\n\t\t\t\t<div class=\"elementor-widget-container\">\n\t\t\t<link rel=\"stylesheet\" href=\"https:\/\/marcellevagba.com\/wp-content\/plugins\/elementor-pro\/assets\/css\/widget-posts.min.css\">\t\t<div class=\"elementor-posts-container elementor-posts elementor-posts--skin-classic elementor-grid\">\n\t\t\t\t<article class=\"elementor-post elementor-grid-item post-1048 post type-post status-publish format-standard has-post-thumbnail hentry category-blog\">\n\t\t\t\t<a class=\"elementor-post__thumbnail__link\" href=\"https:\/\/marcellevagba.com\/index.php\/2023\/11\/22\/rejete-des-hommes-mais-aime-de-dieu\/\" tabindex=\"-1\" >\n\t\t\t<div class=\"elementor-post__thumbnail\"><img loading=\"lazy\" decoding=\"async\" width=\"300\" height=\"282\" src=\"https:\/\/marcellevagba.com\/wp-content\/uploads\/2023\/11\/fotos-300x282.jpg\" class=\"attachment-medium size-medium wp-image-709\" alt=\"\" srcset=\"https:\/\/marcellevagba.com\/wp-content\/uploads\/2023\/11\/fotos-300x282.jpg 300w, https:\/\/marcellevagba.com\/wp-content\/uploads\/2023\/11\/fotos.jpg 641w\" sizes=\"auto, (max-width: 300px) 100vw, 300px\" \/><\/div>\n\t\t<\/a>\n\t\t\t\t<div class=\"elementor-post__text\">\n\t\t\t\t<h3 class=\"elementor-post__title\">\n\t\t\t<a href=\"https:\/\/marcellevagba.com\/index.php\/2023\/11\/22\/rejete-des-hommes-mais-aime-de-dieu\/\" >\n\t\t\t\tREJET\u00c9 DES HOMMES MAIS AIM\u00c9 DE DIEU\t\t\t<\/a>\n\t\t<\/h3>\n\t\t\t\t<div class=\"elementor-post__meta-data\">\n\t\t\t\t\t<span class=\"elementor-post-date\">\n\t\t\t22 novembre 2023\t\t<\/span>\n\t\t\t\t<\/div>\n\t\t\t\t<div class=\"elementor-post__excerpt\">\n\t\t\t<p>La pierre qu\u2019ont rejet\u00e9e ceux qui b\u00e2tissaient est devenue la principale de l\u2019angle. Psaumes 118v22 Plusieurs personnes ont \u00e9t\u00e9 rejet\u00e9es par les hommes (avant toi).<\/p>\n\t\t<\/div>\n\t\t\n\t\t<a class=\"elementor-post__read-more\" href=\"https:\/\/marcellevagba.com\/index.php\/2023\/11\/22\/rejete-des-hommes-mais-aime-de-dieu\/\" aria-label=\"En savoir plus sur REJET\u00c9 DES HOMMES MAIS AIM\u00c9 DE DIEU\" tabindex=\"-1\" >\n\t\t\tLire la suite \u00bb\t\t<\/a>\n\n\t\t\t\t<\/div>\n\t\t\t\t<\/article>\n\t\t\t\t<article class=\"elementor-post elementor-grid-item post-1046 post type-post status-publish format-standard has-post-thumbnail hentry category-blog\">\n\t\t\t\t<a class=\"elementor-post__thumbnail__link\" href=\"https:\/\/marcellevagba.com\/index.php\/2023\/11\/22\/si-tu-crois-tu-verras-la-gloire-de-dieu\/\" tabindex=\"-1\" >\n\t\t\t<div class=\"elementor-post__thumbnail\"><img loading=\"lazy\" decoding=\"async\" width=\"200\" height=\"300\" src=\"https:\/\/marcellevagba.com\/wp-content\/uploads\/2023\/10\/Article-200x300.jpeg\" class=\"attachment-medium size-medium wp-image-237\" alt=\"DIEU r\u00e9pondra \u00e0 tes pri\u00e8res\" srcset=\"https:\/\/marcellevagba.com\/wp-content\/uploads\/2023\/10\/Article-200x300.jpeg 200w, https:\/\/marcellevagba.com\/wp-content\/uploads\/2023\/10\/Article-97x146.jpeg 97w, https:\/\/marcellevagba.com\/wp-content\/uploads\/2023\/10\/Article-33x50.jpeg 33w, https:\/\/marcellevagba.com\/wp-content\/uploads\/2023\/10\/Article-50x75.jpeg 50w, https:\/\/marcellevagba.com\/wp-content\/uploads\/2023\/10\/Article.jpeg 640w\" sizes=\"auto, (max-width: 200px) 100vw, 200px\" \/><\/div>\n\t\t<\/a>\n\t\t\t\t<div class=\"elementor-post__text\">\n\t\t\t\t<h3 class=\"elementor-post__title\">\n\t\t\t<a href=\"https:\/\/marcellevagba.com\/index.php\/2023\/11\/22\/si-tu-crois-tu-verras-la-gloire-de-dieu\/\" >\n\t\t\t\tSI TU CROIS TU VERRAS LA GLOIRE DE DIEU\t\t\t<\/a>\n\t\t<\/h3>\n\t\t\t\t<div class=\"elementor-post__meta-data\">\n\t\t\t\t\t<span class=\"elementor-post-date\">\n\t\t\t22 novembre 2023\t\t<\/span>\n\t\t\t\t<\/div>\n\t\t\t\t<div class=\"elementor-post__excerpt\">\n\t\t\t<p>Lazare mort depuis 4 jours est revenu \u00e0 la vie lorsque le Seigneur J\u00e9sus lui a ordonn\u00e9 de sortir du tombeau. Arriv\u00e9 devant le tombeau,<\/p>\n\t\t<\/div>\n\t\t\n\t\t<a class=\"elementor-post__read-more\" href=\"https:\/\/marcellevagba.com\/index.php\/2023\/11\/22\/si-tu-crois-tu-verras-la-gloire-de-dieu\/\" aria-label=\"En savoir plus sur SI TU CROIS TU VERRAS LA GLOIRE DE DIEU\" tabindex=\"-1\" >\n\t\t\tLire la suite \u00bb\t\t<\/a>\n\n\t\t\t\t<\/div>\n\t\t\t\t<\/article>\n\t\t\t\t<article class=\"elementor-post elementor-grid-item post-1044 post type-post status-publish format-standard has-post-thumbnail hentry category-blog\">\n\t\t\t\t<a class=\"elementor-post__thumbnail__link\" href=\"https:\/\/marcellevagba.com\/index.php\/2023\/11\/22\/tout-va-bien\/\" tabindex=\"-1\" >\n\t\t\t<div class=\"elementor-post__thumbnail\"><img loading=\"lazy\" decoding=\"async\" width=\"300\" height=\"200\" src=\"https:\/\/marcellevagba.com\/wp-content\/uploads\/2023\/11\/pexels-gideon-osman-deonfestimages-10926696-300x200.jpg\" class=\"attachment-medium size-medium wp-image-706\" alt=\"\" srcset=\"https:\/\/marcellevagba.com\/wp-content\/uploads\/2023\/11\/pexels-gideon-osman-deonfestimages-10926696-300x200.jpg 300w, https:\/\/marcellevagba.com\/wp-content\/uploads\/2023\/11\/pexels-gideon-osman-deonfestimages-10926696.jpg 640w\" sizes=\"auto, (max-width: 300px) 100vw, 300px\" \/><\/div>\n\t\t<\/a>\n\t\t\t\t<div class=\"elementor-post__text\">\n\t\t\t\t<h3 class=\"elementor-post__title\">\n\t\t\t<a href=\"https:\/\/marcellevagba.com\/index.php\/2023\/11\/22\/tout-va-bien\/\" >\n\t\t\t\tTOUT VA BIEN\t\t\t<\/a>\n\t\t<\/h3>\n\t\t\t\t<div class=\"elementor-post__meta-data\">\n\t\t\t\t\t<span class=\"elementor-post-date\">\n\t\t\t22 novembre 2023\t\t<\/span>\n\t\t\t\t<\/div>\n\t\t\t\t<div class=\"elementor-post__excerpt\">\n\t\t\t<p>L&rsquo;enfant de DIEU ne panique pas, ne s&rsquo;affole pas, ne s&rsquo;\u00e9croule pas quand les choses vont mal, tournent mal. Mais, il s&rsquo;approche de DIEU pour<\/p>\n\t\t<\/div>\n\t\t\n\t\t<a class=\"elementor-post__read-more\" href=\"https:\/\/marcellevagba.com\/index.php\/2023\/11\/22\/tout-va-bien\/\" aria-label=\"En savoir plus sur TOUT VA BIEN\" tabindex=\"-1\" >\n\t\t\tLire la suite \u00bb\t\t<\/a>\n\n\t\t\t\t<\/div>\n\t\t\t\t<\/article>\n\t\t\t\t<article class=\"elementor-post elementor-grid-item post-1042 post type-post status-publish format-standard has-post-thumbnail hentry category-blog\">\n\t\t\t\t<a class=\"elementor-post__thumbnail__link\" href=\"https:\/\/marcellevagba.com\/index.php\/2023\/11\/22\/comment-bien-prier-dieu\/\" tabindex=\"-1\" >\n\t\t\t<div class=\"elementor-post__thumbnail\"><img loading=\"lazy\" decoding=\"async\" width=\"300\" height=\"200\" src=\"https:\/\/marcellevagba.com\/wp-content\/uploads\/2023\/11\/WhatsApp-Image-2023-11-04-a-17.20.40_5347f964-300x200.jpg\" class=\"attachment-medium size-medium wp-image-548\" alt=\"\" srcset=\"https:\/\/marcellevagba.com\/wp-content\/uploads\/2023\/11\/WhatsApp-Image-2023-11-04-a-17.20.40_5347f964-300x200.jpg 300w, https:\/\/marcellevagba.com\/wp-content\/uploads\/2023\/11\/WhatsApp-Image-2023-11-04-a-17.20.40_5347f964.jpg 640w\" sizes=\"auto, (max-width: 300px) 100vw, 300px\" \/><\/div>\n\t\t<\/a>\n\t\t\t\t<div class=\"elementor-post__text\">\n\t\t\t\t<h3 class=\"elementor-post__title\">\n\t\t\t<a href=\"https:\/\/marcellevagba.com\/index.php\/2023\/11\/22\/comment-bien-prier-dieu\/\" >\n\t\t\t\tCOMMENT BIEN PRIER DIEU\u00a0?\t\t\t<\/a>\n\t\t<\/h3>\n\t\t\t\t<div class=\"elementor-post__meta-data\">\n\t\t\t\t\t<span class=\"elementor-post-date\">\n\t\t\t22 novembre 2023\t\t<\/span>\n\t\t\t\t<\/div>\n\t\t\t\t<div class=\"elementor-post__excerpt\">\n\t\t\t<p>Lorsque vous priez, ne soyez pas comme les hypocrites, qui aiment \u00e0 prier debout dans les synagogues et aux coins des rues pour \u00eatre vus<\/p>\n\t\t<\/div>\n\t\t\n\t\t<a class=\"elementor-post__read-more\" href=\"https:\/\/marcellevagba.com\/index.php\/2023\/11\/22\/comment-bien-prier-dieu\/\" aria-label=\"En savoir plus sur COMMENT BIEN PRIER DIEU\u00a0?\" tabindex=\"-1\" >\n\t\t\tLire la suite \u00bb\t\t<\/a>\n\n\t\t\t\t<\/div>\n\t\t\t\t<\/article>\n\t\t\t\t<article class=\"elementor-post elementor-grid-item post-1040 post type-post status-publish format-standard has-post-thumbnail hentry category-blog\">\n\t\t\t\t<a class=\"elementor-post__thumbnail__link\" href=\"https:\/\/marcellevagba.com\/index.php\/2023\/11\/22\/consulte-toujours-dieu\/\" tabindex=\"-1\" >\n\t\t\t<div class=\"elementor-post__thumbnail\"><img loading=\"lazy\" decoding=\"async\" width=\"300\" height=\"200\" src=\"https:\/\/marcellevagba.com\/wp-content\/uploads\/2023\/11\/WhatsApp-Image-2023-11-04-a-17.20.04_8628a1a5-300x200.jpg\" class=\"attachment-medium size-medium wp-image-547\" alt=\"\" srcset=\"https:\/\/marcellevagba.com\/wp-content\/uploads\/2023\/11\/WhatsApp-Image-2023-11-04-a-17.20.04_8628a1a5-300x200.jpg 300w, https:\/\/marcellevagba.com\/wp-content\/uploads\/2023\/11\/WhatsApp-Image-2023-11-04-a-17.20.04_8628a1a5.jpg 640w\" sizes=\"auto, (max-width: 300px) 100vw, 300px\" \/><\/div>\n\t\t<\/a>\n\t\t\t\t<div class=\"elementor-post__text\">\n\t\t\t\t<h3 class=\"elementor-post__title\">\n\t\t\t<a href=\"https:\/\/marcellevagba.com\/index.php\/2023\/11\/22\/consulte-toujours-dieu\/\" >\n\t\t\t\tCONSULTE TOUJOURS DIEU\u00a0!\t\t\t<\/a>\n\t\t<\/h3>\n\t\t\t\t<div class=\"elementor-post__meta-data\">\n\t\t\t\t\t<span class=\"elementor-post-date\">\n\t\t\t22 novembre 2023\t\t<\/span>\n\t\t\t\t<\/div>\n\t\t\t\t<div class=\"elementor-post__excerpt\">\n\t\t\t<p>Combien de fois nous nous sommes engag\u00e9s dans des groupes, des associations, des projets sans avoir pri\u00e9, parce qu\u2019une connaissance nous a sollicit\u00e9, parce que<\/p>\n\t\t<\/div>\n\t\t\n\t\t<a class=\"elementor-post__read-more\" href=\"https:\/\/marcellevagba.com\/index.php\/2023\/11\/22\/consulte-toujours-dieu\/\" aria-label=\"En savoir plus sur CONSULTE TOUJOURS DIEU\u00a0!\" tabindex=\"-1\" >\n\t\t\tLire la suite \u00bb\t\t<\/a>\n\n\t\t\t\t<\/div>\n\t\t\t\t<\/article>\n\t\t\t\t<article class=\"elementor-post elementor-grid-item post-1038 post type-post status-publish format-standard has-post-thumbnail hentry category-blog\">\n\t\t\t\t<a class=\"elementor-post__thumbnail__link\" href=\"https:\/\/marcellevagba.com\/index.php\/2023\/11\/22\/dieu-repondra-a-tes-prieres\/\" tabindex=\"-1\" >\n\t\t\t<div class=\"elementor-post__thumbnail\"><img loading=\"lazy\" decoding=\"async\" width=\"200\" height=\"300\" src=\"https:\/\/marcellevagba.com\/wp-content\/uploads\/2023\/11\/WhatsApp-Image-2023-11-04-a-17.20.04_23ea2dc2-200x300.jpg\" class=\"attachment-medium size-medium wp-image-545\" alt=\"\" srcset=\"https:\/\/marcellevagba.com\/wp-content\/uploads\/2023\/11\/WhatsApp-Image-2023-11-04-a-17.20.04_23ea2dc2-200x300.jpg 200w, https:\/\/marcellevagba.com\/wp-content\/uploads\/2023\/11\/WhatsApp-Image-2023-11-04-a-17.20.04_23ea2dc2.jpg 640w\" sizes=\"auto, (max-width: 200px) 100vw, 200px\" \/><\/div>\n\t\t<\/a>\n\t\t\t\t<div class=\"elementor-post__text\">\n\t\t\t\t<h3 class=\"elementor-post__title\">\n\t\t\t<a href=\"https:\/\/marcellevagba.com\/index.php\/2023\/11\/22\/dieu-repondra-a-tes-prieres\/\" >\n\t\t\t\tDIEU R\u00c9PONDRA \u00c0 TES PRI\u00c8RES\t\t\t<\/a>\n\t\t<\/h3>\n\t\t\t\t<div class=\"elementor-post__meta-data\">\n\t\t\t\t\t<span class=\"elementor-post-date\">\n\t\t\t22 novembre 2023\t\t<\/span>\n\t\t\t\t<\/div>\n\t\t\t\t<div class=\"elementor-post__excerpt\">\n\t\t\t<p>Ne crains rien, car je suis avec toi ;Ne prom\u00e8ne pas des regards inquiets, car je suis ton Dieu ;Je te fortifie, je viens \u00e0<\/p>\n\t\t<\/div>\n\t\t\n\t\t<a class=\"elementor-post__read-more\" href=\"https:\/\/marcellevagba.com\/index.php\/2023\/11\/22\/dieu-repondra-a-tes-prieres\/\" aria-label=\"En savoir plus sur DIEU R\u00c9PONDRA \u00c0 TES PRI\u00c8RES\" tabindex=\"-1\" >\n\t\t\tLire la suite \u00bb\t\t<\/a>\n\n\t\t\t\t<\/div>\n\t\t\t\t<\/article>\n\t\t\t\t<\/div>\n\t\t\n\t\t\t\t<\/div>\n\t\t\t\t<\/div>\n\t\t\t\t\t<\/div>\n\t\t<\/div>\n\t\t\t\t\t\t\t<\/div>\n\t\t<\/section>\n\t\t\t\t\t\t\t<\/div>\n\t\t","protected":false},"excerpt":{"rendered":"<p>Blog<\/p>\n","protected":false},"author":1,"featured_media":0,"parent":0,"menu_order":0,"comment_status":"closed","ping_status":"closed","template":"","meta":{"footnotes":""},"class_list":["post-974","page","type-page","status-publish","hentry"],"_links":{"self":[{"href":"https:\/\/marcellevagba.com\/index.php\/wp-json\/wp\/v2\/pages\/974","targetHints":{"allow":["GET"]}}],"collection":[{"href":"https:\/\/marcellevagba.com\/index.php\/wp-json\/wp\/v2\/pages"}],"about":[{"href":"https:\/\/marcellevagba.com\/index.php\/wp-json\/wp\/v2\/types\/page"}],"author":[{"embeddable":true,"href":"https:\/\/marcellevagba.com\/index.php\/wp-json\/wp\/v2\/users\/1"}],"replies":[{"embeddable":true,"href":"https:\/\/marcellevagba.com\/index.php\/wp-json\/wp\/v2\/comments?post=974"}],"version-history":[{"count":22,"href":"https:\/\/marcellevagba.com\/index.php\/wp-json\/wp\/v2\/pages\/974\/revisions"}],"predecessor-version":[{"id":1081,"href":"https:\/\/marcellevagba.com\/index.php\/wp-json\/wp\/v2\/pages\/974\/revisions\/1081"}],"wp:attachment":[{"href":"https:\/\/marcellevagba.com\/index.php\/wp-json\/wp\/v2\/media?parent=974"}],"curies":[{"name":"wp","href":"https:\/\/api.w.org\/{rel}","templated":true}]}}