{"id":429,"date":"2023-11-05T23:17:19","date_gmt":"2023-11-05T22:17:19","guid":{"rendered":"https:\/\/marcellevagba.com\/?page_id=429"},"modified":"2024-01-16T19:15:16","modified_gmt":"2024-01-16T18:15:16","slug":"presentation","status":"publish","type":"page","link":"https:\/\/marcellevagba.com\/index.php\/presentation\/","title":{"rendered":"Pr\u00e9sentation"},"content":{"rendered":"\t\t<div data-elementor-type=\"wp-page\" data-elementor-id=\"429\" class=\"elementor elementor-429\" data-elementor-post-type=\"page\">\n\t\t\t\t\t\t\t\t\t<section class=\"elementor-section elementor-top-section elementor-element elementor-element-d0362f2 elementor-section-boxed elementor-section-height-default elementor-section-height-default\" data-id=\"d0362f2\" data-element_type=\"section\">\n\t\t\t\t\t\t<div class=\"elementor-container elementor-column-gap-default\">\n\t\t\t\t\t<div class=\"elementor-column elementor-col-50 elementor-top-column elementor-element elementor-element-13b5ad3\" data-id=\"13b5ad3\" data-element_type=\"column\">\n\t\t\t<div class=\"elementor-widget-wrap elementor-element-populated\">\n\t\t\t\t\t\t\t\t<div class=\"elementor-element elementor-element-82984d5 elementor-widget elementor-widget-image\" data-id=\"82984d5\" data-element_type=\"widget\" data-widget_type=\"image.default\">\n\t\t\t\t<div class=\"elementor-widget-container\">\n\t\t\t<style>\/*! elementor - v3.17.0 - 08-11-2023 *\/\n.elementor-widget-image{text-align:center}.elementor-widget-image a{display:inline-block}.elementor-widget-image a img[src$=\".svg\"]{width:48px}.elementor-widget-image img{vertical-align:middle;display:inline-block}<\/style>\t\t\t\t\t\t\t\t\t\t\t\t<img loading=\"lazy\" decoding=\"async\" width=\"682\" height=\"1024\" src=\"https:\/\/marcellevagba.com\/wp-content\/uploads\/2023\/09\/Marcelle-682x1024.jpeg\" class=\"attachment-large size-large wp-image-205\" alt=\"\" srcset=\"https:\/\/marcellevagba.com\/wp-content\/uploads\/2023\/09\/Marcelle-682x1024.jpeg 682w, https:\/\/marcellevagba.com\/wp-content\/uploads\/2023\/09\/Marcelle-200x300.jpeg 200w, https:\/\/marcellevagba.com\/wp-content\/uploads\/2023\/09\/Marcelle-768x1153.jpeg 768w, https:\/\/marcellevagba.com\/wp-content\/uploads\/2023\/09\/Marcelle-1023x1536.jpeg 1023w, https:\/\/marcellevagba.com\/wp-content\/uploads\/2023\/09\/Marcelle-97x146.jpeg 97w, https:\/\/marcellevagba.com\/wp-content\/uploads\/2023\/09\/Marcelle-33x50.jpeg 33w, https:\/\/marcellevagba.com\/wp-content\/uploads\/2023\/09\/Marcelle-50x75.jpeg 50w, https:\/\/marcellevagba.com\/wp-content\/uploads\/2023\/09\/Marcelle.jpeg 1066w\" sizes=\"auto, (max-width: 682px) 100vw, 682px\" \/>\t\t\t\t\t\t\t\t\t\t\t\t\t\t\t<\/div>\n\t\t\t\t<\/div>\n\t\t\t\t<div class=\"elementor-element elementor-element-f4cc927 elementor-widget elementor-widget-heading\" data-id=\"f4cc927\" data-element_type=\"widget\" data-widget_type=\"heading.default\">\n\t\t\t\t<div class=\"elementor-widget-container\">\n\t\t\t<style>\/*! elementor - v3.17.0 - 08-11-2023 *\/\n.elementor-heading-title{padding:0;margin:0;line-height:1}.elementor-widget-heading .elementor-heading-title[class*=elementor-size-]>a{color:inherit;font-size:inherit;line-height:inherit}.elementor-widget-heading .elementor-heading-title.elementor-size-small{font-size:15px}.elementor-widget-heading .elementor-heading-title.elementor-size-medium{font-size:19px}.elementor-widget-heading .elementor-heading-title.elementor-size-large{font-size:29px}.elementor-widget-heading .elementor-heading-title.elementor-size-xl{font-size:39px}.elementor-widget-heading .elementor-heading-title.elementor-size-xxl{font-size:59px}<\/style><h2 class=\"elementor-heading-title elementor-size-default\">Marcelle Vagba<\/h2>\t\t<\/div>\n\t\t\t\t<\/div>\n\t\t\t\t\t<\/div>\n\t\t<\/div>\n\t\t\t\t<div class=\"elementor-column elementor-col-50 elementor-top-column elementor-element elementor-element-4d49332\" data-id=\"4d49332\" data-element_type=\"column\">\n\t\t\t<div class=\"elementor-widget-wrap elementor-element-populated\">\n\t\t\t\t\t\t\t\t<div class=\"elementor-element elementor-element-cd6dbab elementor-widget elementor-widget-text-editor\" data-id=\"cd6dbab\" data-element_type=\"widget\" data-widget_type=\"text-editor.default\">\n\t\t\t\t<div class=\"elementor-widget-container\">\n\t\t\t<style>\/*! elementor - v3.17.0 - 08-11-2023 *\/\n.elementor-widget-text-editor.elementor-drop-cap-view-stacked .elementor-drop-cap{background-color:#69727d;color:#fff}.elementor-widget-text-editor.elementor-drop-cap-view-framed .elementor-drop-cap{color:#69727d;border:3px solid;background-color:transparent}.elementor-widget-text-editor:not(.elementor-drop-cap-view-default) .elementor-drop-cap{margin-top:8px}.elementor-widget-text-editor:not(.elementor-drop-cap-view-default) .elementor-drop-cap-letter{width:1em;height:1em}.elementor-widget-text-editor .elementor-drop-cap{float:left;text-align:center;line-height:1;font-size:50px}.elementor-widget-text-editor .elementor-drop-cap-letter{display:inline-block}<\/style>\t\t\t\t<p>D\u2019origine ivoirienne, Marcelle Vagba vit en France avec son \u00e9poux et ses enfants.<br \/>Elle a commenc\u00e9 \u00e0 servir le Seigneur J\u00e9sus en tant que monitrice de l\u2019\u00e9cole de dimanche dans deux \u00e9glises en r\u00e9gion parisienne. Traversant une situation difficile, elle s\u2019est mise \u00e0 faire des recherches de versets bibliques dans sa bible pour s\u2019en sortir et apr\u00e8s que Dieu l\u2019ait b\u00e9nie elle rassembla toutes ses notes et en fit son premier livre.<br \/>Quelques ann\u00e9es apr\u00e8s, elle cr\u00e9a son blog et sa cha\u00eene You tube pour exhorter, conseiller et partager des pri\u00e8res et d\u00e9clarations bibliques qu\u2019elle r\u00e9dige en se basant sur la Parole de Dieu.<br \/>Elle continue d\u2019\u00e9crire et est l\u2019auteure de plusieurs livres.\u00a0<\/p>\t\t\t\t\t\t<\/div>\n\t\t\t\t<\/div>\n\t\t\t\t<div class=\"elementor-element elementor-element-368025a elementor-widget elementor-widget-text-editor\" data-id=\"368025a\" data-element_type=\"widget\" data-widget_type=\"text-editor.default\">\n\t\t\t\t<div class=\"elementor-widget-container\">\n\t\t\t\t\t\t\t<p><b>Des livres pour les adultes :<\/b><\/p><ul><li>Pri\u00e8res et d\u00e9clarations bibliques puissantes<\/li><li>Prier avec l\u2019\u00e9p\u00e9e de l\u2019Esprit<\/li><li>Se lever pour prier pour son enfant<\/li><li>Se tenir devant Dieu pour son enfant<\/li><\/ul>\t\t\t\t\t\t<\/div>\n\t\t\t\t<\/div>\n\t\t\t\t<div class=\"elementor-element elementor-element-02c02bf elementor-widget elementor-widget-heading\" data-id=\"02c02bf\" data-element_type=\"widget\" data-widget_type=\"heading.default\">\n\t\t\t\t<div class=\"elementor-widget-container\">\n\t\t\t<h2 class=\"elementor-heading-title elementor-size-default\"><b>Des livres pour les enfants :<\/b>\n<\/h2>\t\t<\/div>\n\t\t\t\t<\/div>\n\t\t\t\t<div class=\"elementor-element elementor-element-197eeff elementor-widget elementor-widget-text-editor\" data-id=\"197eeff\" data-element_type=\"widget\" data-widget_type=\"text-editor.default\">\n\t\t\t\t<div class=\"elementor-widget-container\">\n\t\t\t\t\t\t\t<ul><li><span style=\"background-color: transparent;\">Apprendre aux enfants \u00e0 prier<\/span><\/li><li>Mes premi\u00e8res d\u00e9clarations bibliques<\/li><li>1 Verset biblique par jour<\/li><li>La Cr\u00e9ation<\/li><li>Au son de la trompette<\/li><li>Mon livre de coloriage sur J\u00e9sus<\/li><li>Ce que les enfants doivent savoir sur la pri\u00e8re<\/li><li>Ce que les enfants doivent savoir sur la Bible<\/li><\/ul>\t\t\t\t\t\t<\/div>\n\t\t\t\t<\/div>\n\t\t\t\t<div class=\"elementor-element elementor-element-be102af elementor-widget elementor-widget-text-editor\" data-id=\"be102af\" data-element_type=\"widget\" data-widget_type=\"text-editor.default\">\n\t\t\t\t<div class=\"elementor-widget-container\">\n\t\t\t\t\t\t\t<p>Elle a regroup\u00e9 tous ses livres pour enfants dans la collection <b>Pour le salut des enfants<\/b>. Elle a cr\u00e9\u00e9 la page Facebook\u00a0<b>Les Parents \u00e9veill\u00e9s<\/b>\u00a0o\u00f9 elle donne r\u00e9guli\u00e8rement des conseils et des pri\u00e8res aux parents, pour le salut, la protection et la r\u00e9ussite de leur enfant.\u00a0<\/p><p>Elle est aussi l&rsquo;auteure des livres de d\u00e9couverte\u00a0<b>Kris et Ketia<\/b>.<\/p><p>Active pour l\u2019oeuvre du Seigneur, Marcelle Vagba continue de s\u2019investir pour faire conna\u00eetre l&rsquo;Amour de Dieu et Sa Parole.<\/p><p>\u00a0<\/p>\t\t\t\t\t\t<\/div>\n\t\t\t\t<\/div>\n\t\t\t\t\t<\/div>\n\t\t<\/div>\n\t\t\t\t\t\t\t<\/div>\n\t\t<\/section>\n\t\t\t\t<section class=\"elementor-section elementor-top-section elementor-element elementor-element-2a1cfcd elementor-section-boxed elementor-section-height-default elementor-section-height-default\" data-id=\"2a1cfcd\" data-element_type=\"section\">\n\t\t\t\t\t\t<div class=\"elementor-container elementor-column-gap-default\">\n\t\t\t\t\t<div class=\"elementor-column elementor-col-100 elementor-top-column elementor-element elementor-element-b590294\" data-id=\"b590294\" data-element_type=\"column\">\n\t\t\t<div class=\"elementor-widget-wrap\">\n\t\t\t\t\t\t\t\t\t<\/div>\n\t\t<\/div>\n\t\t\t\t\t\t\t<\/div>\n\t\t<\/section>\n\t\t\t\t\t\t\t<\/div>\n\t\t","protected":false},"excerpt":{"rendered":"<p>Marcelle Vagba D\u2019origine ivoirienne, Marcelle Vagba vit en France avec son \u00e9poux et ses enfants.Elle a commenc\u00e9 \u00e0 servir le Seigneur J\u00e9sus en tant que monitrice de l\u2019\u00e9cole de dimanche dans deux \u00e9glises en r\u00e9gion parisienne. Traversant une situation difficile, elle s\u2019est mise \u00e0 faire des recherches de versets bibliques dans sa bible pour s\u2019en [&hellip;]<\/p>\n","protected":false},"author":1,"featured_media":0,"parent":0,"menu_order":0,"comment_status":"closed","ping_status":"closed","template":"","meta":{"footnotes":""},"class_list":["post-429","page","type-page","status-publish","hentry"],"_links":{"self":[{"href":"https:\/\/marcellevagba.com\/index.php\/wp-json\/wp\/v2\/pages\/429","targetHints":{"allow":["GET"]}}],"collection":[{"href":"https:\/\/marcellevagba.com\/index.php\/wp-json\/wp\/v2\/pages"}],"about":[{"href":"https:\/\/marcellevagba.com\/index.php\/wp-json\/wp\/v2\/types\/page"}],"author":[{"embeddable":true,"href":"https:\/\/marcellevagba.com\/index.php\/wp-json\/wp\/v2\/users\/1"}],"replies":[{"embeddable":true,"href":"https:\/\/marcellevagba.com\/index.php\/wp-json\/wp\/v2\/comments?post=429"}],"version-history":[{"count":40,"href":"https:\/\/marcellevagba.com\/index.php\/wp-json\/wp\/v2\/pages\/429\/revisions"}],"predecessor-version":[{"id":1127,"href":"https:\/\/marcellevagba.com\/index.php\/wp-json\/wp\/v2\/pages\/429\/revisions\/1127"}],"wp:attachment":[{"href":"https:\/\/marcellevagba.com\/index.php\/wp-json\/wp\/v2\/media?parent=429"}],"curies":[{"name":"wp","href":"https:\/\/api.w.org\/{rel}","templated":true}]}}